{"id":7,"date":"2025-06-23T11:14:20","date_gmt":"2025-06-23T09:14:20","guid":{"rendered":"http:\/\/eleacrea.com\/?page_id=7"},"modified":"2025-06-27T13:15:33","modified_gmt":"2025-06-27T11:15:33","slug":"portfolio","status":"publish","type":"page","link":"https:\/\/eleacrea.com\/","title":{"rendered":"Portfolio"},"content":{"rendered":"\t\t<div data-elementor-type=\"wp-page\" data-elementor-id=\"7\" class=\"elementor elementor-7\" data-elementor-post-type=\"page\">\n\t\t\t\t<div class=\"elementor-element elementor-element-26cec69 e-con-full e-flex e-con e-parent\" data-id=\"26cec69\" data-element_type=\"container\" data-e-type=\"container\" data-settings=\"{&quot;background_background&quot;:&quot;classic&quot;}\">\n\t\t<div class=\"elementor-element elementor-element-0286032 e-con-full e-flex e-con e-child\" data-id=\"0286032\" data-element_type=\"container\" data-e-type=\"container\">\n\t\t\t\t<div class=\"elementor-element elementor-element-b90004c elementor-invisible elementor-widget elementor-widget-heading\" data-id=\"b90004c\" data-element_type=\"widget\" data-e-type=\"widget\" data-settings=\"{&quot;_animation&quot;:&quot;fadeInUp&quot;}\" data-widget_type=\"heading.default\">\n\t\t\t\t<div class=\"elementor-widget-container\">\n\t\t\t\t\t<h2 class=\"elementor-heading-title elementor-size-default\">\u00c9l\u00e9anore.<\/h2>\t\t\t\t<\/div>\n\t\t\t\t<\/div>\n\t\t\t\t<div class=\"elementor-element elementor-element-d1aee83 elementor-invisible elementor-widget elementor-widget-text-editor\" data-id=\"d1aee83\" data-element_type=\"widget\" data-e-type=\"widget\" data-settings=\"{&quot;_animation&quot;:&quot;fadeInUp&quot;}\" data-widget_type=\"text-editor.default\">\n\t\t\t\t<div class=\"elementor-widget-container\">\n\t\t\t\t\t\t\t\t\t<p data-start=\"206\" data-end=\"387\">\u00c9tudiante en <strong>Direction Artistique<\/strong>.<br data-start=\"281\" data-end=\"284\" \/>\u00c0 travers mes projets, je partage ce qui<strong> me passionne et me d\u00e9finit.<\/strong><\/p>\t\t\t\t\t\t\t\t<\/div>\n\t\t\t\t<\/div>\n\t\t\t\t<\/div>\n\t\t\t\t<div class=\"elementor-element elementor-element-93f4e6e elementor-hidden-mobile elementor-widget elementor-widget-image\" data-id=\"93f4e6e\" data-element_type=\"widget\" data-e-type=\"widget\" data-widget_type=\"image.default\">\n\t\t\t\t<div class=\"elementor-widget-container\">\n\t\t\t\t\t\t\t\t\t\t\t\t\t\t\t<img fetchpriority=\"high\" decoding=\"async\" width=\"800\" height=\"600\" src=\"https:\/\/eleacrea.com\/wp-content\/uploads\/2025\/06\/Photo_CV-1-sur-1-1024x768.png\" class=\"attachment-large size-large wp-image-323\" alt=\"\" srcset=\"https:\/\/eleacrea.com\/wp-content\/uploads\/2025\/06\/Photo_CV-1-sur-1-1024x768.png 1024w, https:\/\/eleacrea.com\/wp-content\/uploads\/2025\/06\/Photo_CV-1-sur-1-300x225.png 300w, https:\/\/eleacrea.com\/wp-content\/uploads\/2025\/06\/Photo_CV-1-sur-1-768x576.png 768w, https:\/\/eleacrea.com\/wp-content\/uploads\/2025\/06\/Photo_CV-1-sur-1-1536x1152.png 1536w, https:\/\/eleacrea.com\/wp-content\/uploads\/2025\/06\/Photo_CV-1-sur-1-2048x1536.png 2048w\" sizes=\"(max-width: 800px) 100vw, 800px\" \/>\t\t\t\t\t\t\t\t\t\t\t\t\t\t\t<\/div>\n\t\t\t\t<\/div>\n\t\t\t\t<\/div>\n\t\t<div class=\"elementor-element elementor-element-3f493d2 e-flex e-con-boxed e-con e-parent\" data-id=\"3f493d2\" data-element_type=\"container\" data-e-type=\"container\">\n\t\t\t\t\t<div class=\"e-con-inner\">\n\t\t\t\t<div class=\"elementor-element elementor-element-690c717 elementor-widget elementor-widget-heading\" data-id=\"690c717\" data-element_type=\"widget\" data-e-type=\"widget\" data-widget_type=\"heading.default\">\n\t\t\t\t<div class=\"elementor-widget-container\">\n\t\t\t\t\t<h2 class=\"elementor-heading-title elementor-size-default\">Mes projets<\/h2>\t\t\t\t<\/div>\n\t\t\t\t<\/div>\n\t\t\t\t<div class=\"elementor-element elementor-element-0bf9fa0 elementor-pagination-type-bullets elementor-arrows-position-inside elementor-pagination-position-outside elementor-widget elementor-widget-loop-carousel\" data-id=\"0bf9fa0\" data-element_type=\"widget\" data-e-type=\"widget\" data-settings=\"{&quot;template_id&quot;:84,&quot;_skin&quot;:&quot;post&quot;,&quot;slides_to_show&quot;:&quot;3&quot;,&quot;slides_to_show_tablet&quot;:&quot;2&quot;,&quot;slides_to_show_mobile&quot;:&quot;1&quot;,&quot;slides_to_scroll&quot;:&quot;1&quot;,&quot;edit_handle_selector&quot;:&quot;.elementor-loop-container&quot;,&quot;autoplay&quot;:&quot;yes&quot;,&quot;autoplay_speed&quot;:5000,&quot;pause_on_hover&quot;:&quot;yes&quot;,&quot;pause_on_interaction&quot;:&quot;yes&quot;,&quot;infinite&quot;:&quot;yes&quot;,&quot;speed&quot;:500,&quot;offset_sides&quot;:&quot;none&quot;,&quot;arrows&quot;:&quot;yes&quot;,&quot;pagination&quot;:&quot;bullets&quot;,&quot;image_spacing_custom&quot;:{&quot;unit&quot;:&quot;px&quot;,&quot;size&quot;:10,&quot;sizes&quot;:[]},&quot;image_spacing_custom_tablet&quot;:{&quot;unit&quot;:&quot;px&quot;,&quot;size&quot;:&quot;&quot;,&quot;sizes&quot;:[]},&quot;image_spacing_custom_mobile&quot;:{&quot;unit&quot;:&quot;px&quot;,&quot;size&quot;:&quot;&quot;,&quot;sizes&quot;:[]}}\" data-widget_type=\"loop-carousel.post\">\n\t\t\t\t<div class=\"elementor-widget-container\">\n\t\t\t\t\t\t\t<div class=\"swiper elementor-loop-container elementor-grid\" role=\"list\" dir=\"ltr\">\n\t\t\t\t<div class=\"swiper-wrapper\" aria-live=\"off\">\n\t\t<style id=\"loop-dynamic-84\">.e-loop-item-228 .elementor-element.elementor-element-bba6647:not(.elementor-motion-effects-element-type-background), .e-loop-item-228 .elementor-element.elementor-element-bba6647 > .elementor-motion-effects-container > .elementor-motion-effects-layer{background-image:url(\"https:\/\/eleacrea.com\/wp-content\/uploads\/2025\/06\/Illu_Chemins-1-scaled.jpg\");}<\/style><style id=\"loop-84\">.elementor-84 .elementor-element.elementor-element-bba6647{--display:flex;--min-height:387px;--flex-direction:column;--container-widget-width:calc( ( 1 - var( --container-widget-flex-grow ) ) * 100% );--container-widget-height:initial;--container-widget-flex-grow:0;--container-widget-align-self:initial;--flex-wrap-mobile:wrap;--justify-content:flex-end;--align-items:center;--border-radius:30px 30px 30px 30px;--margin-top:0px;--margin-bottom:0px;--margin-left:0px;--margin-right:0px;}.elementor-84 .elementor-element.elementor-element-bba6647:not(.elementor-motion-effects-element-type-background), .elementor-84 .elementor-element.elementor-element-bba6647 > .elementor-motion-effects-container > .elementor-motion-effects-layer{background-position:center center;background-repeat:no-repeat;background-size:cover;}@media(max-width:767px){.elementor-84 .elementor-element.elementor-element-bba6647{--content-width:500px;--justify-content:center;--margin-top:0px;--margin-bottom:0px;--margin-left:0px;--margin-right:0px;}.elementor-84 .elementor-element.elementor-element-bba6647.e-con{--align-self:center;}}@media(min-width:768px){.elementor-84 .elementor-element.elementor-element-bba6647{--content-width:1277px;}}<\/style>\t\t<div data-elementor-type=\"loop-item\" data-elementor-id=\"84\" class=\"elementor elementor-84 swiper-slide e-loop-item e-loop-item-228 post-228 post type-post status-publish format-standard has-post-thumbnail hentry category-illustration\" data-elementor-post-type=\"elementor_library\" role=\"group\" aria-roledescription=\"slide\" data-custom-edit-handle=\"1\">\n\t\t\t<a class=\"elementor-element elementor-element-bba6647 e-flex e-con-boxed e-con e-parent\" data-id=\"bba6647\" data-element_type=\"container\" data-e-type=\"container\" data-settings=\"{&quot;background_background&quot;:&quot;classic&quot;,&quot;background_motion_fx_motion_fx_scrolling&quot;:&quot;yes&quot;,&quot;background_motion_fx_devices&quot;:[&quot;desktop&quot;,&quot;tablet&quot;,&quot;mobile&quot;]}\" href=\"https:\/\/eleacrea.com\/index.php\/2025\/06\/24\/voyage\/\">\n\t\t\t\t\t<div class=\"e-con-inner\">\n\t\t\t\t\t<\/div>\n\t\t\t\t<\/a>\n\t\t\t\t<\/div>\n\t\t<style id=\"loop-dynamic-84\">.e-loop-item-127 .elementor-element.elementor-element-bba6647:not(.elementor-motion-effects-element-type-background), .e-loop-item-127 .elementor-element.elementor-element-bba6647 > .elementor-motion-effects-container > .elementor-motion-effects-layer{background-image:url(\"https:\/\/eleacrea.com\/wp-content\/uploads\/2025\/06\/Couverture_Jacket-scaled.jpg\");}<\/style>\t\t<div data-elementor-type=\"loop-item\" data-elementor-id=\"84\" class=\"elementor elementor-84 swiper-slide e-loop-item e-loop-item-127 post-127 post type-post status-publish format-standard has-post-thumbnail hentry category-direction-artistique\" data-elementor-post-type=\"elementor_library\" role=\"group\" aria-roledescription=\"slide\" data-custom-edit-handle=\"1\">\n\t\t\t<a class=\"elementor-element elementor-element-bba6647 e-flex e-con-boxed e-con e-parent\" data-id=\"bba6647\" data-element_type=\"container\" data-e-type=\"container\" data-settings=\"{&quot;background_background&quot;:&quot;classic&quot;,&quot;background_motion_fx_motion_fx_scrolling&quot;:&quot;yes&quot;,&quot;background_motion_fx_devices&quot;:[&quot;desktop&quot;,&quot;tablet&quot;,&quot;mobile&quot;]}\" href=\"https:\/\/eleacrea.com\/index.php\/2025\/06\/23\/dj-aurasun\/\">\n\t\t\t\t\t<div class=\"e-con-inner\">\n\t\t\t\t\t<\/div>\n\t\t\t\t<\/a>\n\t\t\t\t<\/div>\n\t\t<style id=\"loop-dynamic-84\">.e-loop-item-101 .elementor-element.elementor-element-bba6647:not(.elementor-motion-effects-element-type-background), .e-loop-item-101 .elementor-element.elementor-element-bba6647 > .elementor-motion-effects-container > .elementor-motion-effects-layer{background-image:url(\"https:\/\/eleacrea.com\/wp-content\/uploads\/2025\/06\/Annonce_Presse_Plan-de-travail-1-scaled.jpg\");}<\/style>\t\t<div data-elementor-type=\"loop-item\" data-elementor-id=\"84\" class=\"elementor elementor-84 swiper-slide e-loop-item e-loop-item-101 post-101 post type-post status-publish format-standard has-post-thumbnail hentry category-direction-artistique\" data-elementor-post-type=\"elementor_library\" role=\"group\" aria-roledescription=\"slide\" data-custom-edit-handle=\"1\">\n\t\t\t<a class=\"elementor-element elementor-element-bba6647 e-flex e-con-boxed e-con e-parent\" data-id=\"bba6647\" data-element_type=\"container\" data-e-type=\"container\" data-settings=\"{&quot;background_background&quot;:&quot;classic&quot;,&quot;background_motion_fx_motion_fx_scrolling&quot;:&quot;yes&quot;,&quot;background_motion_fx_devices&quot;:[&quot;desktop&quot;,&quot;tablet&quot;,&quot;mobile&quot;]}\" href=\"https:\/\/eleacrea.com\/index.php\/2025\/06\/23\/havaianas\/\">\n\t\t\t\t\t<div class=\"e-con-inner\">\n\t\t\t\t\t<\/div>\n\t\t\t\t<\/a>\n\t\t\t\t<\/div>\n\t\t<style id=\"loop-dynamic-84\">.e-loop-item-94 .elementor-element.elementor-element-bba6647:not(.elementor-motion-effects-element-type-background), .e-loop-item-94 .elementor-element.elementor-element-bba6647 > .elementor-motion-effects-container > .elementor-motion-effects-layer{background-image:url(\"https:\/\/eleacrea.com\/wp-content\/uploads\/2025\/06\/Poulpe9.jpg\");}<\/style>\t\t<div data-elementor-type=\"loop-item\" data-elementor-id=\"84\" class=\"elementor elementor-84 swiper-slide e-loop-item e-loop-item-94 post-94 post type-post status-publish format-standard has-post-thumbnail hentry category-edition\" data-elementor-post-type=\"elementor_library\" role=\"group\" aria-roledescription=\"slide\" data-custom-edit-handle=\"1\">\n\t\t\t<a class=\"elementor-element elementor-element-bba6647 e-flex e-con-boxed e-con e-parent\" data-id=\"bba6647\" data-element_type=\"container\" data-e-type=\"container\" data-settings=\"{&quot;background_background&quot;:&quot;classic&quot;,&quot;background_motion_fx_motion_fx_scrolling&quot;:&quot;yes&quot;,&quot;background_motion_fx_devices&quot;:[&quot;desktop&quot;,&quot;tablet&quot;,&quot;mobile&quot;]}\" href=\"https:\/\/eleacrea.com\/index.php\/2025\/06\/23\/magazine\/\">\n\t\t\t\t\t<div class=\"e-con-inner\">\n\t\t\t\t\t<\/div>\n\t\t\t\t<\/a>\n\t\t\t\t<\/div>\n\t\t<style id=\"loop-dynamic-84\">.e-loop-item-72 .elementor-element.elementor-element-bba6647:not(.elementor-motion-effects-element-type-background), .e-loop-item-72 .elementor-element.elementor-element-bba6647 > .elementor-motion-effects-container > .elementor-motion-effects-layer{background-image:url(\"https:\/\/eleacrea.com\/wp-content\/uploads\/2025\/06\/Illustration_Zoom-scaled.jpg\");}<\/style>\t\t<div data-elementor-type=\"loop-item\" data-elementor-id=\"84\" class=\"elementor elementor-84 swiper-slide e-loop-item e-loop-item-72 post-72 post type-post status-publish format-standard has-post-thumbnail hentry category-illustration\" data-elementor-post-type=\"elementor_library\" role=\"group\" aria-roledescription=\"slide\" data-custom-edit-handle=\"1\">\n\t\t\t<a class=\"elementor-element elementor-element-bba6647 e-flex e-con-boxed e-con e-parent\" data-id=\"bba6647\" data-element_type=\"container\" data-e-type=\"container\" data-settings=\"{&quot;background_background&quot;:&quot;classic&quot;,&quot;background_motion_fx_motion_fx_scrolling&quot;:&quot;yes&quot;,&quot;background_motion_fx_devices&quot;:[&quot;desktop&quot;,&quot;tablet&quot;,&quot;mobile&quot;]}\" href=\"https:\/\/eleacrea.com\/index.php\/2025\/06\/23\/illustration-calendrier\/\">\n\t\t\t\t\t<div class=\"e-con-inner\">\n\t\t\t\t\t<\/div>\n\t\t\t\t<\/a>\n\t\t\t\t<\/div>\n\t\t<style id=\"loop-dynamic-84\">.e-loop-item-203 .elementor-element.elementor-element-bba6647:not(.elementor-motion-effects-element-type-background), .e-loop-item-203 .elementor-element.elementor-element-bba6647 > .elementor-motion-effects-container > .elementor-motion-effects-layer{background-image:url(\"https:\/\/eleacrea.com\/wp-content\/uploads\/2025\/06\/mockup-chien-vf-1.jpg\");}<\/style>\t\t<div data-elementor-type=\"loop-item\" data-elementor-id=\"84\" class=\"elementor elementor-84 swiper-slide e-loop-item e-loop-item-203 post-203 post type-post status-publish format-standard has-post-thumbnail hentry category-direction-artistique\" data-elementor-post-type=\"elementor_library\" role=\"group\" aria-roledescription=\"slide\" data-custom-edit-handle=\"1\">\n\t\t\t<a class=\"elementor-element elementor-element-bba6647 e-flex e-con-boxed e-con e-parent\" data-id=\"bba6647\" data-element_type=\"container\" data-e-type=\"container\" data-settings=\"{&quot;background_background&quot;:&quot;classic&quot;,&quot;background_motion_fx_motion_fx_scrolling&quot;:&quot;yes&quot;,&quot;background_motion_fx_devices&quot;:[&quot;desktop&quot;,&quot;tablet&quot;,&quot;mobile&quot;]}\" href=\"https:\/\/eleacrea.com\/index.php\/2025\/06\/24\/apa\/\">\n\t\t\t\t\t<div class=\"e-con-inner\">\n\t\t\t\t\t<\/div>\n\t\t\t\t<\/a>\n\t\t\t\t<\/div>\n\t\t\t\t<\/div>\n\t\t<\/div>\n\t\t\t\t\t<div class=\"elementor-swiper-button elementor-swiper-button-prev\" role=\"button\" tabindex=\"0\" aria-label=\"Previous\">\n\t\t\t\t<svg aria-hidden=\"true\" class=\"e-font-icon-svg e-eicon-chevron-left\" viewBox=\"0 0 1000 1000\" xmlns=\"http:\/\/www.w3.org\/2000\/svg\"><path d=\"M646 125C629 125 613 133 604 142L308 442C296 454 292 471 292 487 292 504 296 521 308 533L604 854C617 867 629 875 646 875 663 875 679 871 692 858 704 846 713 829 713 812 713 796 708 779 692 767L438 487 692 225C700 217 708 204 708 187 708 171 704 154 692 142 675 129 663 125 646 125Z\"><\/path><\/svg>\t\t\t<\/div>\n\t\t\t<div class=\"elementor-swiper-button elementor-swiper-button-next\" role=\"button\" tabindex=\"0\" aria-label=\"Next\">\n\t\t\t\t<svg aria-hidden=\"true\" class=\"e-font-icon-svg e-eicon-chevron-right\" viewBox=\"0 0 1000 1000\" xmlns=\"http:\/\/www.w3.org\/2000\/svg\"><path d=\"M696 533C708 521 713 504 713 487 713 471 708 454 696 446L400 146C388 133 375 125 354 125 338 125 325 129 313 142 300 154 292 171 292 187 292 204 296 221 308 233L563 492 304 771C292 783 288 800 288 817 288 833 296 850 308 863 321 871 338 875 354 875 371 875 388 867 400 854L696 533Z\"><\/path><\/svg>\t\t\t<\/div>\n\t\t\t\t\t<div class=\"swiper-pagination\"><\/div>\n\t\t\t\t\t\t<\/div>\n\t\t\t\t<\/div>\n\t\t\t\t\t<\/div>\n\t\t\t\t<\/div>\n\t\t\t\t<\/div>\n\t\t","protected":false},"excerpt":{"rendered":"<p>\u00c9l\u00e9anore. \u00c9tudiante en Direction Artistique.\u00c0 travers mes projets, je partage ce qui me passionne et me d\u00e9finit. Mes projets<\/p>\n","protected":false},"author":1,"featured_media":0,"parent":0,"menu_order":0,"comment_status":"closed","ping_status":"closed","template":"elementor_header_footer","meta":{"footnotes":""},"class_list":["post-7","page","type-page","status-publish","hentry"],"_links":{"self":[{"href":"https:\/\/eleacrea.com\/index.php\/wp-json\/wp\/v2\/pages\/7","targetHints":{"allow":["GET"]}}],"collection":[{"href":"https:\/\/eleacrea.com\/index.php\/wp-json\/wp\/v2\/pages"}],"about":[{"href":"https:\/\/eleacrea.com\/index.php\/wp-json\/wp\/v2\/types\/page"}],"author":[{"embeddable":true,"href":"https:\/\/eleacrea.com\/index.php\/wp-json\/wp\/v2\/users\/1"}],"replies":[{"embeddable":true,"href":"https:\/\/eleacrea.com\/index.php\/wp-json\/wp\/v2\/comments?post=7"}],"version-history":[{"count":170,"href":"https:\/\/eleacrea.com\/index.php\/wp-json\/wp\/v2\/pages\/7\/revisions"}],"predecessor-version":[{"id":853,"href":"https:\/\/eleacrea.com\/index.php\/wp-json\/wp\/v2\/pages\/7\/revisions\/853"}],"wp:attachment":[{"href":"https:\/\/eleacrea.com\/index.php\/wp-json\/wp\/v2\/media?parent=7"}],"curies":[{"name":"wp","href":"https:\/\/api.w.org\/{rel}","templated":true}]}}